{"id":1485,"date":"2024-03-30T21:43:52","date_gmt":"2024-03-30T20:43:52","guid":{"rendered":"https:\/\/www.kskbrunn.at\/?page_id=1485"},"modified":"2024-10-23T12:57:10","modified_gmt":"2024-10-23T10:57:10","slug":"impressum","status":"publish","type":"page","link":"https:\/\/www.kskbrunn.at\/?page_id=1485","title":{"rendered":"Impressum"},"content":{"rendered":"<p>[et_pb_section fb_built=&#8220;1&#8243; admin_label=&#8220;Header&#8220; _builder_version=&#8220;4.23.1&#8243; _module_preset=&#8220;default&#8220; background_color=&#8220;#FFFFFF&#8220; collapsed=&#8220;on&#8220; global_colors_info=&#8220;{}&#8220;][et_pb_row _builder_version=&#8220;4.17.4&#8243; _module_preset=&#8220;default&#8220; global_colors_info=&#8220;{}&#8220;][et_pb_column type=&#8220;4_4&#8243; _builder_version=&#8220;4.17.4&#8243; _module_preset=&#8220;default&#8220; global_colors_info=&#8220;{}&#8220;][et_pb_text _builder_version=&#8220;4.23.1&#8243; _module_preset=&#8220;c16985e1-e0d6-4022-964d-e2bfc04fa633&#8243; header_font=&#8220;|700|||||||&#8220; header_text_color=&#8220;#000000&#8243; header_font_size=&#8220;75px&#8220; header_line_height=&#8220;1.2em&#8220; header_font_size_tablet=&#8220;40px&#8220; header_font_size_phone=&#8220;24px&#8220; header_font_size_last_edited=&#8220;on|desktop&#8220; global_colors_info=&#8220;{}&#8220;]<\/p>\n<h1>Impressum<\/h1>\n<p>[\/et_pb_text][\/et_pb_column][\/et_pb_row][et_pb_row _builder_version=&#8220;4.23.1&#8243; _module_preset=&#8220;default&#8220; global_colors_info=&#8220;{}&#8220;][et_pb_column type=&#8220;4_4&#8243; _builder_version=&#8220;4.23.1&#8243; _module_preset=&#8220;default&#8220; global_colors_info=&#8220;{}&#8220;][et_pb_text _builder_version=&#8220;4.23.1&#8243; _module_preset=&#8220;default&#8220; global_colors_info=&#8220;{}&#8220;]<\/p>\n<h3><strong>Offenlegung gem. \u00a7\u00a7 24, 25 MedienG sowie Angaben gem. \u00a7 5 ECG<\/strong><\/h3>\n<p>&nbsp;<\/p>\n<h3>Medieninhaber, Herausgeber<\/h3>\n<p><strong><\/strong><\/p>\n<p><strong>Kraftsportklub Brunn am Gebirge<\/strong><\/p>\n<p>ZVR 481799135<\/p>\n<p>Josef Hof-Gasse 4<br \/>2345 Brunn am Gebirge<br \/><a href=\"mailto:kskbrunn@gmail.com\">kskbrunn@gmail.com<\/a><\/p>\n<p><strong>Kontakt<\/strong><br \/>Obmann Markus Savonith<br \/>+43 699 110 71 908<\/p>\n<p>&nbsp;<\/p>\n<h3>Vorstandsmitglieder<\/h3>\n<p><a href=\"https:\/\/www.kskbrunn.at\/?page_id=1309&amp;et_fb=1&amp;PageSpeed=off\"><strong>Vorstand<\/strong><\/a><\/p>\n<h3><\/h3>\n<h3>Copyright und Urheberrecht<\/h3>\n<p>Der Inhalt dieser Website ist durch das Urheberrecht gesch\u00fctzt. Die Verwendung, Speicherung, Vervielf\u00e4ltigung und Weitergabe von Inhalten dieser Website kann nur mit dem Einverst\u00e4ndnis der Eigent\u00fcmer erfolgen.<\/p>\n<h3><\/h3>\n<h3>Nennung von gesch\u00fctzten Bezeichnungen, Warenzeichen, Marken, Firmennamen etc.<\/h3>\n<p>Alle in dieser Website genannten Bezeichnungen k\u00f6nnen gesch\u00fctzt sein. Die Nennung dieser Bezeichnungen ohne den Hinweis auf ein (eingetragenes und\/oder gesch\u00fctztes) Waren-, Markenzeichen o. \u00e4. ist nicht als Verletzung der Schutzrechte dieser Bezeichnungen und nicht als Sch\u00e4digung der Firmen, die diese Rechte besitzen, anzusehen.<\/p>\n<h3><\/h3>\n<h3>Haftung f\u00fcr Links<\/h3>\n<p>Links auf unserer Website werden regelm\u00e4\u00dfig \u00fcberpr\u00fcft. Wir sind dir aber dankbar, wenn du einen defekten Link oder einen auf ein illegales Angebot verweisenden Link meldest. Wir werden uns umgehend mit der Bearbeitung befassen. Links zu anderen Websites werden ausschlie\u00dflich zur Erleichterung deiner Online-T\u00e4tigkeit bereitgestellt. Wenn du diese Links nutzt, verl\u00e4sst du diese Website. Wir haben keine Kontrolle und Verantwortung f\u00fcr diese Websites, ihre Inhalte und Datenschutzrichtlinien. Deshalb geben wir keinerlei Best\u00e4tigungen oder Erkl\u00e4rungen zu diesen Websites oder jeglichen dort auffindbaren Informationen, Softwareprogrammen, anderen Produkten oder Materialien oder durch deren Nutzung erzielbare Ergebnisse ab. Der Besuch dieser Websites liegt in deiner eigenen Verantwortung.<\/p>\n<h3><\/h3>\n<h3>Gender-Hinweis<\/h3>\n<p>Wir wollen auf unserer Website alle Geschlechter gleichwertig ansprechen. Daher verwenden wir, wo m\u00f6glich, geschlechtsneutrale Begriffe, f\u00fchren andernfalls sowohl m\u00e4nnliche als auch weibliche Formen an oder w\u00e4hlen \u2013 bei Platzmangel \u2013 den Doppelpunkt als Schreibweise. Sollten wir an einzelnen Stellen auf ein Gendern der Begriffe verzichten, impliziert dies keinesfalls eine Benachteiligung des jeweils anderen Geschlechts. Frauen und M\u00e4nner m\u00f6gen sich von den Inhalten unserer Website gleicherma\u00dfen angesprochen f\u00fchlen. Wir danken f\u00fcr dein Verst\u00e4ndnis.<\/p>\n<h3><\/h3>\n<h3>Fotos (unter anderem)<\/h3>\n<p>Pixaby<br \/>Pexels<br \/>KSK Brunn am Gebirge<\/p>\n<h3><\/h3>\n<h3>Datenschutz<\/h3>\n<p>Datenschutzerkl\u00e4rung<\/p>\n<p>[\/et_pb_text][\/et_pb_column][\/et_pb_row][\/et_pb_section][et_pb_section fb_built=&#8220;1&#8243; admin_label=&#8220;Footer&#8220; _builder_version=&#8220;4.17.4&#8243; _module_preset=&#8220;default&#8220; background_color=&#8220;#F3F3F3&#8243; saved_tabs=&#8220;all&#8220; collapsed=&#8220;on&#8220; global_colors_info=&#8220;{}&#8220;][et_pb_row column_structure=&#8220;1_3,1_3,1_3&#8243; _builder_version=&#8220;4.23.1&#8243; _module_preset=&#8220;default&#8220; global_colors_info=&#8220;{}&#8220;][et_pb_column type=&#8220;1_3&#8243; _builder_version=&#8220;4.17.4&#8243; _module_preset=&#8220;default&#8220; global_colors_info=&#8220;{}&#8220;][et_pb_image src=&#8220;https:\/\/www.kskbrunn.at\/wp-content\/uploads\/2017\/01\/ksk_brunn.png&#8220; title_text=&#8220;ksk_brunn&#8220; _builder_version=&#8220;4.23.1&#8243; _module_preset=&#8220;default&#8220; width=&#8220;60%&#8220; max_width=&#8220;60%&#8220; global_colors_info=&#8220;{}&#8220;][\/et_pb_image][\/et_pb_column][et_pb_column type=&#8220;1_3&#8243; _builder_version=&#8220;4.17.4&#8243; _module_preset=&#8220;default&#8220; global_colors_info=&#8220;{}&#8220;][et_pb_text _builder_version=&#8220;4.23.1&#8243; _module_preset=&#8220;4827deed-2a92-4d97-a22f-f01067ae6873&#8243; header_font=&#8220;||||||||&#8220; header_4_font=&#8220;|700|||||||&#8220; header_4_text_color=&#8220;#000000&#8243; header_4_font_size=&#8220;19px&#8220; header_4_line_height=&#8220;1.6em&#8220; custom_margin=&#8220;||0px||false|false&#8220; header_4_font_size_tablet=&#8220;16px&#8220; header_4_font_size_phone=&#8220;14px&#8220; header_4_font_size_last_edited=&#8220;on|tablet&#8220; locked=&#8220;off&#8220; global_colors_info=&#8220;{}&#8220;]<\/p>\n<h4>Kontakt<\/h4>\n<p>[\/et_pb_text][et_pb_text _builder_version=&#8220;4.23.1&#8243; _module_preset=&#8220;4c43b4b6-66bf-432d-959a-705bda24a650&#8243; text_font=&#8220;Open Sans||||||||&#8220; text_text_color=&#8220;#666666&#8243; text_line_height=&#8220;1.8em&#8220; link_text_color=&#8220;#666666&#8243; custom_margin=&#8220;||11px|||&#8220; custom_padding=&#8220;||3px|||&#8220; header_font_size_tablet=&#8220;55px&#8220; header_font_size_last_edited=&#8220;off|desktop&#8220; global_colors_info=&#8220;{}&#8220;]<\/p>\n<p>Josef Hof-Gasse 4<br \/>2345 Brunn am Gebirge<\/p>\n<p><a href=\"mailto:kskbrunn@gmail.com\">kskbrunn@gmail.com<\/a><\/p>\n<p>Markus Savonith<br \/>+43 699 110 71 908<\/p>\n<p>[\/et_pb_text][et_pb_social_media_follow _builder_version=&#8220;4.23.1&#8243; _module_preset=&#8220;default&#8220; text_orientation_tablet=&#8220;center&#8220; text_orientation_phone=&#8220;&#8220; text_orientation_last_edited=&#8220;on|tablet&#8220; border_radii=&#8220;on|200px|200px|200px|200px&#8220; locked=&#8220;off&#8220; global_colors_info=&#8220;{}&#8220;][et_pb_social_media_follow_network social_network=&#8220;facebook&#8220; url=&#8220;https:\/\/de-de.facebook.com\/kskbrunn\/&#8220; _builder_version=&#8220;4.23.1&#8243; _module_preset=&#8220;default&#8220; background_color=&#8220;#9B0707&#8243; background_enable_color=&#8220;on&#8220; custom_padding=&#8220;5px|5px|5px|5px|true|true&#8220; global_colors_info=&#8220;{}&#8220; follow_button=&#8220;off&#8220; url_new_window=&#8220;on&#8220;]facebook[\/et_pb_social_media_follow_network][et_pb_social_media_follow_network social_network=&#8220;instagram&#8220; url=&#8220;https:\/\/www.instagram.com\/ksk_brunn&#8220; icon_color=&#8220;#FFFFFF&#8220; _builder_version=&#8220;4.23.1&#8243; _module_preset=&#8220;default&#8220; background_color=&#8220;#9B0707&#8243; background_enable_color=&#8220;on&#8220; custom_padding=&#8220;5px|5px|5px|5px|true|true&#8220; global_colors_info=&#8220;{}&#8220; follow_button=&#8220;off&#8220; url_new_window=&#8220;on&#8220;]instagram[\/et_pb_social_media_follow_network][\/et_pb_social_media_follow][\/et_pb_column][et_pb_column type=&#8220;1_3&#8243; _builder_version=&#8220;4.17.4&#8243; _module_preset=&#8220;default&#8220; global_colors_info=&#8220;{}&#8220;][et_pb_text _builder_version=&#8220;4.23.1&#8243; _module_preset=&#8220;4827deed-2a92-4d97-a22f-f01067ae6873&#8243; header_font=&#8220;||||||||&#8220; header_4_font=&#8220;|700|||||||&#8220; header_4_text_color=&#8220;#000000&#8243; header_4_font_size=&#8220;19px&#8220; header_4_line_height=&#8220;1.6em&#8220; custom_margin=&#8220;||0px||false|false&#8220; header_4_font_size_tablet=&#8220;16px&#8220; header_4_font_size_phone=&#8220;14px&#8220; header_4_font_size_last_edited=&#8220;on|tablet&#8220; global_colors_info=&#8220;{}&#8220;]<\/p>\n<h4>Fragen?<br \/>Lust auf ein Schnuppertraining?<\/h4>\n<p>[\/et_pb_text][et_pb_button button_url=&#8220;mailto:kskbrunn@gmail.com&#8220; url_new_window=&#8220;on&#8220; button_text=&#8220;Melde dich bei uns&#8220; button_alignment=&#8220;left&#8220; _builder_version=&#8220;4.23.1&#8243; _module_preset=&#8220;db46e67d-9505-40bb-9ebd-8901bc8b3a95&#8243; custom_button=&#8220;on&#8220; button_text_size=&#8220;14px&#8220; button_text_color=&#8220;#FFFFFF&#8220; button_bg_color=&#8220;#9B0707&#8243; button_border_color=&#8220;#9B0707&#8243; button_border_radius=&#8220;0px&#8220; button_font=&#8220;|700||on|||||&#8220; custom_padding=&#8220;14px|20px|14px|20px|true|true&#8220; global_colors_info=&#8220;{}&#8220;][\/et_pb_button][\/et_pb_column][\/et_pb_row][\/et_pb_section]<\/p>\n","protected":false},"excerpt":{"rendered":"<p>ImpressumOffenlegung gem. \u00a7\u00a7 24, 25 MedienG sowie Angaben gem. \u00a7 5 ECG &nbsp; Medieninhaber, Herausgeber Kraftsportklub Brunn am Gebirge ZVR 481799135 Josef Hof-Gasse 42345 Brunn am Gebirgekskbrunn@gmail.com KontaktObmann Markus Savonith+43 699 110 71 908 &nbsp; Vorstandsmitglieder Vorstand Copyright und Urheberrecht Der Inhalt dieser Website ist durch das Urheberrecht gesch\u00fctzt. Die Verwendung, Speicherung, Vervielf\u00e4ltigung und Weitergabe [&hellip;]<\/p>\n","protected":false},"author":2,"featured_media":0,"parent":0,"menu_order":0,"comment_status":"closed","ping_status":"closed","template":"","meta":{"_et_pb_use_builder":"on","_et_pb_old_content":"","_et_gb_content_width":""},"_links":{"self":[{"href":"https:\/\/www.kskbrunn.at\/index.php?rest_route=\/wp\/v2\/pages\/1485"}],"collection":[{"href":"https:\/\/www.kskbrunn.at\/index.php?rest_route=\/wp\/v2\/pages"}],"about":[{"href":"https:\/\/www.kskbrunn.at\/index.php?rest_route=\/wp\/v2\/types\/page"}],"author":[{"embeddable":true,"href":"https:\/\/www.kskbrunn.at\/index.php?rest_route=\/wp\/v2\/users\/2"}],"replies":[{"embeddable":true,"href":"https:\/\/www.kskbrunn.at\/index.php?rest_route=%2Fwp%2Fv2%2Fcomments&post=1485"}],"version-history":[{"count":7,"href":"https:\/\/www.kskbrunn.at\/index.php?rest_route=\/wp\/v2\/pages\/1485\/revisions"}],"predecessor-version":[{"id":2203,"href":"https:\/\/www.kskbrunn.at\/index.php?rest_route=\/wp\/v2\/pages\/1485\/revisions\/2203"}],"wp:attachment":[{"href":"https:\/\/www.kskbrunn.at\/index.php?rest_route=%2Fwp%2Fv2%2Fmedia&parent=1485"}],"curies":[{"name":"wp","href":"https:\/\/api.w.org\/{rel}","templated":true}]}}